{"id":347,"date":"2022-11-16T11:09:17","date_gmt":"2022-11-16T11:09:17","guid":{"rendered":"https:\/\/animalsforhealth.at\/?page_id=347"},"modified":"2026-03-31T07:29:46","modified_gmt":"2026-03-31T07:29:46","slug":"news-wichtiges","status":"publish","type":"page","link":"https:\/\/animalsforhealth.at\/?page_id=347","title":{"rendered":"News &#8211; Wichtiges"},"content":{"rendered":"<p style=\"text-align: center;\"><b>N\u00e4chste Aktivit\u00e4ten, Kurstermine etc. findet ihr unter KURSE!<\/b><\/p>\n<p style=\"text-align: center;\"><strong>WICHTIG: Es gibt neue Formulare f\u00fcr die TBH Pr\u00fcfung beim Messerli Forschungsinstitut, ihr findet sie unter Downloads!<\/strong><\/p>\n<p>&nbsp;<\/p>\n<p><strong><span style=\"color: #ff0000;\">WICHTIG: neue Bankverbindung\u00a0<\/span><\/strong><\/p>\n<p><strong>ANIMALS FOR HEALTH (AFH)<\/strong><\/p>\n<p><strong>IBAN: AT33 3225 0000 0155 0045<\/strong><\/p>\n<p><strong>Raiffeisenbank Regionalbank M\u00f6dling<\/strong><\/p>\n<p>&nbsp;<\/p>\n<p>Ank\u00fcndigung <strong>Hundetrainerkongress 2026<\/strong><\/p>\n<p><em>SAVE THE DATE: <strong>14.-15.02.2026<\/strong><\/em><\/p>\n<p>Alle Infos dazu findet ihr unter:\u00a0<a href=\"https:\/\/dogs-professional.at\/?srsltid=AfmBOoqxH3MemG86f0tKtL0Bni2txL_o2gn_Vl5QD36M_atyXCM14Of7\">dogs-professional.at<\/a><\/p>\n<p>&nbsp;<\/p>\n<p>&nbsp;<\/p>\n<p>&nbsp;<\/p>\n","protected":false},"excerpt":{"rendered":"<p>N\u00e4chste Aktivit\u00e4ten, Kurstermine etc. findet ihr unter KURSE! WICHTIG: Es gibt neue Formulare f\u00fcr die TBH Pr\u00fcfung beim Messerli Forschungsinstitut, ihr findet sie unter Downloads! &nbsp; WICHTIG: neue Bankverbindung\u00a0 ANIMALS FOR HEALTH (AFH) IBAN: AT33 3225 0000 0155 0045 Raiffeisenbank Regionalbank M\u00f6dling &nbsp; Ank\u00fcndigung Hundetrainerkongress 2026 SAVE THE DATE: 14.-15.02.2026 Alle Infos dazu findet ihr &hellip; <\/p>\n<p class=\"link-more\"><a href=\"https:\/\/animalsforhealth.at\/?page_id=347\" class=\"more-link\"><span class=\"screen-reader-text\">\u201eNews &#8211; Wichtiges\u201c <\/span>weiterlesen<\/a><\/p>\n","protected":false},"author":1,"featured_media":0,"parent":0,"menu_order":0,"comment_status":"closed","ping_status":"closed","template":"","meta":{"footnotes":""},"class_list":["post-347","page","type-page","status-publish","hentry"],"_links":{"self":[{"href":"https:\/\/animalsforhealth.at\/index.php?rest_route=\/wp\/v2\/pages\/347","targetHints":{"allow":["GET"]}}],"collection":[{"href":"https:\/\/animalsforhealth.at\/index.php?rest_route=\/wp\/v2\/pages"}],"about":[{"href":"https:\/\/animalsforhealth.at\/index.php?rest_route=\/wp\/v2\/types\/page"}],"author":[{"embeddable":true,"href":"https:\/\/animalsforhealth.at\/index.php?rest_route=\/wp\/v2\/users\/1"}],"replies":[{"embeddable":true,"href":"https:\/\/animalsforhealth.at\/index.php?rest_route=%2Fwp%2Fv2%2Fcomments&post=347"}],"version-history":[{"count":22,"href":"https:\/\/animalsforhealth.at\/index.php?rest_route=\/wp\/v2\/pages\/347\/revisions"}],"predecessor-version":[{"id":878,"href":"https:\/\/animalsforhealth.at\/index.php?rest_route=\/wp\/v2\/pages\/347\/revisions\/878"}],"wp:attachment":[{"href":"https:\/\/animalsforhealth.at\/index.php?rest_route=%2Fwp%2Fv2%2Fmedia&parent=347"}],"curies":[{"name":"wp","href":"https:\/\/api.w.org\/{rel}","templated":true}]}}