{"id":47,"date":"2019-09-01T10:23:42","date_gmt":"2019-09-01T10:23:42","guid":{"rendered":"https:\/\/animalsforhealth.at\/?page_id=47"},"modified":"2026-01-31T10:16:22","modified_gmt":"2026-01-31T10:16:22","slug":"ueber-mich","status":"publish","type":"page","link":"https:\/\/animalsforhealth.at\/?page_id=47","title":{"rendered":"\u00dcber uns"},"content":{"rendered":"<div id=\"header_layer\">\n<div id=\"id1\" class=\"style_SkipStroke shape-with-text\">\n<div class=\"text-content style_External_630_50\">\n<div class=\"style\">\n<table id=\"tablepress-2\" class=\"tablepress tablepress-id-2 tbody-has-connected-cells\">\n<thead>\n<tr class=\"row-1\">\n\t<th colspan=\"2\" class=\"column-1\">ANIMALS FOR HEALTH <br \/>\nsteht f\u00fcr <br \/>\n<\/th>\n<\/tr>\n<\/thead>\n<tbody class=\"row-striping row-hover\">\n<tr class=\"row-2\">\n\t<td class=\"column-1\">Aktiv f\u00fcr Menschen, die Hilfe suchen<br \/>\nNutzen von Bindung, F\u00e4higkeiten und Fachlichkeit<br \/>\nInteraktion zwischen Mensch und Tier<br \/>\nMotivierte Co-Therapeuten<br \/>\nAusgebildete Teams, die regelm\u00e4\u00dfig kontrolliert werden<br \/>\nLebensbegleiter mit tierischer Hilfe<br \/>\nSpeziell auf die individuellen Bed\u00fcrfnisse ausgerichtet<\/td><td class=\"column-2\"><img loading=\"lazy\" decoding=\"async\" src=\"https:\/\/animalsforhealth.at\/wp-content\/uploads\/2026\/01\/IMG_5099-225x300.jpeg\" alt=\"\" width=\"225\" height=\"300\" class=\"alignnone size-medium wp-image-814\" srcset=\"https:\/\/animalsforhealth.at\/wp-content\/uploads\/2026\/01\/IMG_5099-225x300.jpeg 225w, https:\/\/animalsforhealth.at\/wp-content\/uploads\/2026\/01\/IMG_5099-rotated.jpeg 480w\" sizes=\"auto, (max-width: 225px) 100vw, 225px\" \/><br \/>\n<\/td>\n<\/tr>\n<tr class=\"row-3\">\n\t<td class=\"column-1\"><img loading=\"lazy\" decoding=\"async\" src=\"https:\/\/animalsforhealth.at\/wp-content\/uploads\/2026\/01\/3b80f559-955b-4875-8756-a8587bfbc08a-300x267.jpg\" alt=\"\" width=\"300\" height=\"267\" class=\"alignnone size-medium wp-image-792\" srcset=\"https:\/\/animalsforhealth.at\/wp-content\/uploads\/2026\/01\/3b80f559-955b-4875-8756-a8587bfbc08a-300x267.jpg 300w, https:\/\/animalsforhealth.at\/wp-content\/uploads\/2026\/01\/3b80f559-955b-4875-8756-a8587bfbc08a.jpg 477w\" sizes=\"auto, (max-width: 300px) 100vw, 300px\" \/><\/td><td class=\"column-2\">Fachlich ausgebildete Tier-Mensch-Teams<br \/>\nOhne Vorurteile gegen\u00fcber Beeintr\u00e4chtigungen<br \/>\nRegelm\u00e4\u00dfige Aus- und Weiterbildung der Teams<\/td>\n<\/tr>\n<tr class=\"row-4\">\n\t<td class=\"column-1\">Herzliche Besuche die oft hei\u00df erwartet werden<br \/>\nEins\u00e4tze in \u00f6ffentlichen und privaten Bereichen<br \/>\nAltenheime, Kinderg\u00e4rten, Geriatriestationen und Krankenh\u00e4user<br \/>\nLebenspraktische Hilfestellungen<br \/>\nTherapeutische Unterst\u00fctzung <br \/>\nHilfestellung nutzen - AFH kontaktieren!<br \/>\n<\/td><td class=\"column-2\"><img loading=\"lazy\" decoding=\"async\" src=\"https:\/\/animalsforhealth.at\/wp-content\/uploads\/2026\/01\/73b4804e-e22e-44e0-8054-f5a01d7f493c-225x300.jpg\" alt=\"\" width=\"225\" height=\"300\" class=\"alignnone size-medium wp-image-802\" srcset=\"https:\/\/animalsforhealth.at\/wp-content\/uploads\/2026\/01\/73b4804e-e22e-44e0-8054-f5a01d7f493c-225x300.jpg 225w, https:\/\/animalsforhealth.at\/wp-content\/uploads\/2026\/01\/73b4804e-e22e-44e0-8054-f5a01d7f493c-768x1024.jpg 768w, https:\/\/animalsforhealth.at\/wp-content\/uploads\/2026\/01\/73b4804e-e22e-44e0-8054-f5a01d7f493c-1152x1536.jpg 1152w, https:\/\/animalsforhealth.at\/wp-content\/uploads\/2026\/01\/73b4804e-e22e-44e0-8054-f5a01d7f493c.jpg 1536w\" sizes=\"auto, (max-width: 225px) 100vw, 225px\" \/><br \/>\n<\/td>\n<\/tr>\n<tr class=\"row-5\">\n\t<td colspan=\"2\" class=\"column-1\">DER VORSTAND<\/td>\n<\/tr>\n<tr class=\"row-6\">\n\t<td class=\"column-1\">Obfrau: <br \/>\n<br \/>\nMaike Tell<br \/>\n<br \/>\nKindergartenp\u00e4dagogin, Montessorip\u00e4dagogin, Waldp\u00e4dagogin<br \/>\nAgilitybasistrainerin<br \/>\nPraxistrainerin f\u00fcr AFH<\/td><td class=\"column-2\"><img loading=\"lazy\" decoding=\"async\" src=\"https:\/\/animalsforhealth.at\/wp-content\/uploads\/2025\/10\/IMG_1745-300x225.jpg\" alt=\"\" width=\"300\" height=\"225\" class=\"alignnone size-medium wp-image-730\" srcset=\"https:\/\/animalsforhealth.at\/wp-content\/uploads\/2025\/10\/IMG_1745-300x225.jpg 300w, https:\/\/animalsforhealth.at\/wp-content\/uploads\/2025\/10\/IMG_1745-1024x768.jpg 1024w, https:\/\/animalsforhealth.at\/wp-content\/uploads\/2025\/10\/IMG_1745-768x576.jpg 768w, https:\/\/animalsforhealth.at\/wp-content\/uploads\/2025\/10\/IMG_1745-1536x1152.jpg 1536w, https:\/\/animalsforhealth.at\/wp-content\/uploads\/2025\/10\/IMG_1745.jpg 2016w\" sizes=\"auto, (max-width: 300px) 100vw, 300px\" \/><\/td>\n<\/tr>\n<tr class=\"row-7\">\n\t<td class=\"column-1\"><img loading=\"lazy\" decoding=\"async\" src=\"https:\/\/animalsforhealth.at\/wp-content\/uploads\/2026\/01\/4cf341cf-5c6c-4cac-ae52-747e1fff005c-293x300.jpg\" alt=\"\" width=\"293\" height=\"300\" class=\"alignnone size-medium wp-image-815\" srcset=\"https:\/\/animalsforhealth.at\/wp-content\/uploads\/2026\/01\/4cf341cf-5c6c-4cac-ae52-747e1fff005c-293x300.jpg 293w, https:\/\/animalsforhealth.at\/wp-content\/uploads\/2026\/01\/4cf341cf-5c6c-4cac-ae52-747e1fff005c-999x1024.jpg 999w, https:\/\/animalsforhealth.at\/wp-content\/uploads\/2026\/01\/4cf341cf-5c6c-4cac-ae52-747e1fff005c-768x787.jpg 768w, https:\/\/animalsforhealth.at\/wp-content\/uploads\/2026\/01\/4cf341cf-5c6c-4cac-ae52-747e1fff005c-1498x1536.jpg 1498w, https:\/\/animalsforhealth.at\/wp-content\/uploads\/2026\/01\/4cf341cf-5c6c-4cac-ae52-747e1fff005c.jpg 1911w\" sizes=\"auto, (max-width: 293px) 100vw, 293px\" \/><\/td><td class=\"column-2\">Obfrau Stv.:<br \/>\n<br \/>\nGabriele Preiskorn<br \/>\nAFH Zweigstelle Perchtoldsdorf<br \/>\n<br \/>\nakademisch gepr\u00fcfte Kynologin<br \/>\nTierschutzqualifizierte Hundetrainerin<br \/>\nAssistenzhundetrainerin (Zertifikat)<br \/>\n<br \/>\n<\/td>\n<\/tr>\n<tr class=\"row-8\">\n\t<td class=\"column-1\">Schriftf\u00fchrung<br \/>\n<br \/>\nVeronika Idinger, BEd<br \/>\n<br \/>\n<\/td><td class=\"column-2\"><img loading=\"lazy\" decoding=\"async\" src=\"https:\/\/animalsforhealth.at\/wp-content\/uploads\/2019\/10\/VrohlArya-300x199.jpg\" alt=\"\" width=\"300\" height=\"199\" class=\"alignnone size-medium wp-image-165\" srcset=\"https:\/\/animalsforhealth.at\/wp-content\/uploads\/2019\/10\/VrohlArya-300x199.jpg 300w, https:\/\/animalsforhealth.at\/wp-content\/uploads\/2019\/10\/VrohlArya-768x510.jpg 768w, https:\/\/animalsforhealth.at\/wp-content\/uploads\/2019\/10\/VrohlArya-1024x680.jpg 1024w\" sizes=\"auto, (max-width: 300px) 100vw, 300px\" \/><\/td>\n<\/tr>\n<tr class=\"row-9\">\n\t<td class=\"column-1\"><img loading=\"lazy\" decoding=\"async\" src=\"https:\/\/animalsforhealth.at\/wp-content\/uploads\/2019\/09\/image-5.png\" alt=\"\" width=\"133\" height=\"192\" class=\"alignnone size-full wp-image-130\" \/><\/td><td class=\"column-2\">Schriftf\u00fchrung Stv.:<br \/>\n<br \/>\nDr. phil. Monika Wildauer<br \/>\n<br \/>\nTrainerin<br \/>\nP\u00e4dagogin i.A.<br \/>\nBezirksr\u00e4tin Wien\/Meidling<\/td>\n<\/tr>\n<tr class=\"row-10\">\n\t<td class=\"column-1\">Finanzereferentin: <br \/>\n<br \/>\nMag. Svetlana Hristozova<br \/>\n<\/td><td class=\"column-2\"><img loading=\"lazy\" decoding=\"async\" src=\"https:\/\/animalsforhealth.at\/wp-content\/uploads\/2025\/11\/IMG-20251030-WA0000-225x300.jpg\" alt=\"\" width=\"225\" height=\"300\" class=\"alignnone size-medium wp-image-752\" srcset=\"https:\/\/animalsforhealth.at\/wp-content\/uploads\/2025\/11\/IMG-20251030-WA0000-225x300.jpg 225w, https:\/\/animalsforhealth.at\/wp-content\/uploads\/2025\/11\/IMG-20251030-WA0000-768x1024.jpg 768w, https:\/\/animalsforhealth.at\/wp-content\/uploads\/2025\/11\/IMG-20251030-WA0000-1152x1536.jpg 1152w, https:\/\/animalsforhealth.at\/wp-content\/uploads\/2025\/11\/IMG-20251030-WA0000.jpg 1536w\" sizes=\"auto, (max-width: 225px) 100vw, 225px\" \/><\/td>\n<\/tr>\n<tr class=\"row-11\">\n\t<td class=\"column-1\"><img loading=\"lazy\" decoding=\"async\" src=\"https:\/\/animalsforhealth.at\/wp-content\/uploads\/2025\/10\/3cff781e-81b6-4e8d-a3a5-ed08615d0e66-227x300.jpeg\" alt=\"\" width=\"227\" height=\"300\" class=\"alignnone size-medium wp-image-748\" srcset=\"https:\/\/animalsforhealth.at\/wp-content\/uploads\/2025\/10\/3cff781e-81b6-4e8d-a3a5-ed08615d0e66-227x300.jpeg 227w, https:\/\/animalsforhealth.at\/wp-content\/uploads\/2025\/10\/3cff781e-81b6-4e8d-a3a5-ed08615d0e66-773x1024.jpeg 773w, https:\/\/animalsforhealth.at\/wp-content\/uploads\/2025\/10\/3cff781e-81b6-4e8d-a3a5-ed08615d0e66-768x1017.jpeg 768w, https:\/\/animalsforhealth.at\/wp-content\/uploads\/2025\/10\/3cff781e-81b6-4e8d-a3a5-ed08615d0e66.jpeg 1159w\" sizes=\"auto, (max-width: 227px) 100vw, 227px\" \/><\/td><td class=\"column-2\">Finanzreferentin Stv:<br \/>\n<br \/>\nSusanne Biegler<\/td>\n<\/tr>\n<tr class=\"row-12\">\n\t<td class=\"column-1\"><\/td><td class=\"column-2\"><\/td>\n<\/tr>\n<\/tbody>\n<\/table>\n<!-- #tablepress-2 from cache --><\/div>\n<\/div>\n<\/div>\n<\/div>\n","protected":false},"excerpt":{"rendered":"","protected":false},"author":1,"featured_media":758,"parent":0,"menu_order":0,"comment_status":"closed","ping_status":"closed","template":"","meta":{"footnotes":""},"class_list":["post-47","page","type-page","status-publish","has-post-thumbnail","hentry"],"_links":{"self":[{"href":"https:\/\/animalsforhealth.at\/index.php?rest_route=\/wp\/v2\/pages\/47","targetHints":{"allow":["GET"]}}],"collection":[{"href":"https:\/\/animalsforhealth.at\/index.php?rest_route=\/wp\/v2\/pages"}],"about":[{"href":"https:\/\/animalsforhealth.at\/index.php?rest_route=\/wp\/v2\/types\/page"}],"author":[{"embeddable":true,"href":"https:\/\/animalsforhealth.at\/index.php?rest_route=\/wp\/v2\/users\/1"}],"replies":[{"embeddable":true,"href":"https:\/\/animalsforhealth.at\/index.php?rest_route=%2Fwp%2Fv2%2Fcomments&post=47"}],"version-history":[{"count":9,"href":"https:\/\/animalsforhealth.at\/index.php?rest_route=\/wp\/v2\/pages\/47\/revisions"}],"predecessor-version":[{"id":138,"href":"https:\/\/animalsforhealth.at\/index.php?rest_route=\/wp\/v2\/pages\/47\/revisions\/138"}],"wp:featuredmedia":[{"embeddable":true,"href":"https:\/\/animalsforhealth.at\/index.php?rest_route=\/wp\/v2\/media\/758"}],"wp:attachment":[{"href":"https:\/\/animalsforhealth.at\/index.php?rest_route=%2Fwp%2Fv2%2Fmedia&parent=47"}],"curies":[{"name":"wp","href":"https:\/\/api.w.org\/{rel}","templated":true}]}}