{"id":624,"date":"2025-03-23T22:38:33","date_gmt":"2025-03-23T22:38:33","guid":{"rendered":"https:\/\/animalsforhealth.at\/?page_id=624"},"modified":"2025-03-23T22:38:33","modified_gmt":"2025-03-23T22:38:33","slug":"therapiebegleithunde-teams","status":"publish","type":"page","link":"https:\/\/animalsforhealth.at\/?page_id=624","title":{"rendered":"Therapiebegleithunde Teams"},"content":{"rendered":"<h1><strong>Hier stellen sich unsere aktiven Therapiebegleithunde Teams vor! <\/strong>(Seite in Arbeit)<\/h1>\n<h2><strong>Susanne Biegler mit Bibi und Lola<\/strong><br \/>\n&#8222;Meine Greyhound-M\u00e4dels Bibi und Lola und ich besuchen Bewohner von Pflegeheimen, Jugendliche in schwierigen Situationen und (Schul)Kinder, die den richtigen Umgang mit Hunden lernen m\u00f6chten.<br \/>\nBibi, als gepr\u00fcfter Hospizhund, gibt au\u00dferdem auch dort Liebe und Zuversicht!&#8220;<\/h2>\n<p><img loading=\"lazy\" decoding=\"async\" class=\"alignnone size-medium wp-image-625\" src=\"https:\/\/animalsforhealth.at\/wp-content\/uploads\/2025\/02\/IMG_1241-225x300.jpeg\" alt=\"\" width=\"225\" height=\"300\" srcset=\"https:\/\/animalsforhealth.at\/wp-content\/uploads\/2025\/02\/IMG_1241-225x300.jpeg 225w, https:\/\/animalsforhealth.at\/wp-content\/uploads\/2025\/02\/IMG_1241-768x1023.jpeg 768w, https:\/\/animalsforhealth.at\/wp-content\/uploads\/2025\/02\/IMG_1241-1153x1536.jpeg 1153w, https:\/\/animalsforhealth.at\/wp-content\/uploads\/2025\/02\/IMG_1241-1537x2048.jpeg 1537w, https:\/\/animalsforhealth.at\/wp-content\/uploads\/2025\/02\/IMG_1241.jpeg 1576w\" sizes=\"auto, (max-width: 225px) 100vw, 225px\" \/> <img loading=\"lazy\" decoding=\"async\" class=\"alignnone size-medium wp-image-626\" src=\"https:\/\/animalsforhealth.at\/wp-content\/uploads\/2025\/02\/IMG_1243-225x300.jpeg\" alt=\"\" width=\"225\" height=\"300\" srcset=\"https:\/\/animalsforhealth.at\/wp-content\/uploads\/2025\/02\/IMG_1243-225x300.jpeg 225w, https:\/\/animalsforhealth.at\/wp-content\/uploads\/2025\/02\/IMG_1243-768x1023.jpeg 768w, https:\/\/animalsforhealth.at\/wp-content\/uploads\/2025\/02\/IMG_1243-1153x1536.jpeg 1153w, https:\/\/animalsforhealth.at\/wp-content\/uploads\/2025\/02\/IMG_1243-1537x2048.jpeg 1537w, https:\/\/animalsforhealth.at\/wp-content\/uploads\/2025\/02\/IMG_1243.jpeg 1576w\" sizes=\"auto, (max-width: 225px) 100vw, 225px\" \/><\/p>\n<p><img loading=\"lazy\" decoding=\"async\" class=\"size-medium wp-image-627\" src=\"https:\/\/animalsforhealth.at\/wp-content\/uploads\/2025\/02\/IMG_1246-300x267.jpeg\" alt=\"\" width=\"300\" height=\"267\" srcset=\"https:\/\/animalsforhealth.at\/wp-content\/uploads\/2025\/02\/IMG_1246-300x267.jpeg 300w, https:\/\/animalsforhealth.at\/wp-content\/uploads\/2025\/02\/IMG_1246.jpeg 477w\" sizes=\"auto, (max-width: 300px) 100vw, 300px\" \/><\/p>\n<p><img loading=\"lazy\" decoding=\"async\" class=\"alignnone size-medium wp-image-628\" src=\"https:\/\/animalsforhealth.at\/wp-content\/uploads\/2025\/02\/IMG_1247-169x300.jpeg\" alt=\"\" width=\"169\" height=\"300\" srcset=\"https:\/\/animalsforhealth.at\/wp-content\/uploads\/2025\/02\/IMG_1247-169x300.jpeg 169w, https:\/\/animalsforhealth.at\/wp-content\/uploads\/2025\/02\/IMG_1247.jpeg 474w\" sizes=\"auto, (max-width: 169px) 100vw, 169px\" \/> <img loading=\"lazy\" decoding=\"async\" class=\"alignnone size-medium wp-image-629\" src=\"https:\/\/animalsforhealth.at\/wp-content\/uploads\/2025\/02\/IMG_7418-225x300.jpeg\" alt=\"\" width=\"225\" height=\"300\" srcset=\"https:\/\/animalsforhealth.at\/wp-content\/uploads\/2025\/02\/IMG_7418-225x300.jpeg 225w, https:\/\/animalsforhealth.at\/wp-content\/uploads\/2025\/02\/IMG_7418-768x1025.jpeg 768w, https:\/\/animalsforhealth.at\/wp-content\/uploads\/2025\/02\/IMG_7418-1151x1536.jpeg 1151w, https:\/\/animalsforhealth.at\/wp-content\/uploads\/2025\/02\/IMG_7418-1535x2048.jpeg 1535w, https:\/\/animalsforhealth.at\/wp-content\/uploads\/2025\/02\/IMG_7418.jpeg 1574w\" sizes=\"auto, (max-width: 225px) 100vw, 225px\" \/> <img loading=\"lazy\" decoding=\"async\" class=\"alignnone size-medium wp-image-630\" src=\"https:\/\/animalsforhealth.at\/wp-content\/uploads\/2025\/02\/IMG_9533-225x300.jpeg\" alt=\"\" width=\"225\" height=\"300\" srcset=\"https:\/\/animalsforhealth.at\/wp-content\/uploads\/2025\/02\/IMG_9533-225x300.jpeg 225w, https:\/\/animalsforhealth.at\/wp-content\/uploads\/2025\/02\/IMG_9533-768x1024.jpeg 768w, https:\/\/animalsforhealth.at\/wp-content\/uploads\/2025\/02\/IMG_9533-1152x1536.jpeg 1152w, https:\/\/animalsforhealth.at\/wp-content\/uploads\/2025\/02\/IMG_9533-1536x2048.jpeg 1536w, https:\/\/animalsforhealth.at\/wp-content\/uploads\/2025\/02\/IMG_9533-scaled.jpeg 1920w\" sizes=\"auto, (max-width: 225px) 100vw, 225px\" \/><\/p>\n<p>&nbsp;<\/p>\n<h2><strong>Sabine Pohl mit Meggie<\/strong><br \/>\n&#8222;Meggie im Einsatz in der Klasse bei meinen Sch\u00fcler*innen &#8211; Tricks \u00fcben: Winken&#8220;<\/h2>\n<h2><img loading=\"lazy\" decoding=\"async\" class=\"alignnone size-medium wp-image-631\" src=\"https:\/\/animalsforhealth.at\/wp-content\/uploads\/2025\/02\/IMG-20250122-WA0001-1-169x300.jpg\" alt=\"\" width=\"169\" height=\"300\" srcset=\"https:\/\/animalsforhealth.at\/wp-content\/uploads\/2025\/02\/IMG-20250122-WA0001-1-169x300.jpg 169w, https:\/\/animalsforhealth.at\/wp-content\/uploads\/2025\/02\/IMG-20250122-WA0001-1-576x1024.jpg 576w, https:\/\/animalsforhealth.at\/wp-content\/uploads\/2025\/02\/IMG-20250122-WA0001-1-768x1365.jpg 768w, https:\/\/animalsforhealth.at\/wp-content\/uploads\/2025\/02\/IMG-20250122-WA0001-1-864x1536.jpg 864w, https:\/\/animalsforhealth.at\/wp-content\/uploads\/2025\/02\/IMG-20250122-WA0001-1.jpg 1152w\" sizes=\"auto, (max-width: 169px) 100vw, 169px\" \/><\/h2>\n<p>&nbsp;<\/p>\n","protected":false},"excerpt":{"rendered":"<p>Hier stellen sich unsere aktiven Therapiebegleithunde Teams vor! (Seite in Arbeit) Susanne Biegler mit Bibi und Lola &#8222;Meine Greyhound-M\u00e4dels Bibi und Lola und ich besuchen Bewohner von Pflegeheimen, Jugendliche in schwierigen Situationen und (Schul)Kinder, die den richtigen Umgang mit Hunden lernen m\u00f6chten. Bibi, als gepr\u00fcfter Hospizhund, gibt au\u00dferdem auch dort Liebe und Zuversicht!&#8220; &nbsp; Sabine &hellip; <\/p>\n<p class=\"link-more\"><a href=\"https:\/\/animalsforhealth.at\/?page_id=624\" class=\"more-link\"><span class=\"screen-reader-text\">\u201eTherapiebegleithunde Teams\u201c <\/span>weiterlesen<\/a><\/p>\n","protected":false},"author":1,"featured_media":0,"parent":0,"menu_order":0,"comment_status":"closed","ping_status":"closed","template":"","meta":{"footnotes":""},"class_list":["post-624","page","type-page","status-publish","hentry"],"_links":{"self":[{"href":"https:\/\/animalsforhealth.at\/index.php?rest_route=\/wp\/v2\/pages\/624","targetHints":{"allow":["GET"]}}],"collection":[{"href":"https:\/\/animalsforhealth.at\/index.php?rest_route=\/wp\/v2\/pages"}],"about":[{"href":"https:\/\/animalsforhealth.at\/index.php?rest_route=\/wp\/v2\/types\/page"}],"author":[{"embeddable":true,"href":"https:\/\/animalsforhealth.at\/index.php?rest_route=\/wp\/v2\/users\/1"}],"replies":[{"embeddable":true,"href":"https:\/\/animalsforhealth.at\/index.php?rest_route=%2Fwp%2Fv2%2Fcomments&post=624"}],"version-history":[{"count":3,"href":"https:\/\/animalsforhealth.at\/index.php?rest_route=\/wp\/v2\/pages\/624\/revisions"}],"predecessor-version":[{"id":638,"href":"https:\/\/animalsforhealth.at\/index.php?rest_route=\/wp\/v2\/pages\/624\/revisions\/638"}],"wp:attachment":[{"href":"https:\/\/animalsforhealth.at\/index.php?rest_route=%2Fwp%2Fv2%2Fmedia&parent=624"}],"curies":[{"name":"wp","href":"https:\/\/api.w.org\/{rel}","templated":true}]}}