{"id":98,"date":"2019-09-01T10:53:20","date_gmt":"2019-09-01T10:53:20","guid":{"rendered":"https:\/\/animalsforhealth.at\/?page_id=98"},"modified":"2026-01-31T12:45:10","modified_gmt":"2026-01-31T12:45:10","slug":"kurse","status":"publish","type":"page","link":"https:\/\/animalsforhealth.at\/?page_id=98","title":{"rendered":"Kurse"},"content":{"rendered":"<div id=\"header_layer\">\n<div id=\"id1\" class=\"style_SkipStroke shape-with-text\">\n<div class=\"text-content style_External_630_50\">\n<div class=\"style\">\n<p>&nbsp;<\/p>\n<p class=\"Header\" style=\"text-align: center;\"><strong>Aktuelle Kurse<\/strong><\/p>\n<p style=\"text-align: center;\"><span style=\"color: #ff6600;\">NEU: Vorbereitende \u00dcbungen f\u00fcr Welpen und Junghunde f\u00fcr die Therapiebegleithundearbeit (10er-Block)<\/span><\/p>\n<\/div>\n<\/div>\n<\/div>\n<\/div>\n<div id=\"body_layer\">\n<div id=\"id3\" class=\"style_SkipStroke_1 shape-with-text\">\n<div class=\"text-content graphic_textbox_layout_style_default_External_727_1380\">\n<div class=\"graphic_textbox_layout_style_default\">\n<p class=\"paragraph_style_1\">\n<table id=\"tablepress-1\" class=\"tablepress tablepress-id-1\">\n<thead>\n<tr class=\"row-1\">\n\t<th class=\"column-1\">DATUM<\/th><th class=\"column-2\">UHRZEIT<\/th><th class=\"column-3\">VERANSTALTUNG<\/th><th class=\"column-4\">VORTRAGENDE\/R   <\/th><th class=\"column-5\">ORT<\/th><th class=\"column-6\">weitere INFORMATION<\/th>\n<\/tr>\n<\/thead>\n<tbody class=\"row-striping row-hover\">\n<tr class=\"row-2\">\n\t<td class=\"column-1\">ab 07.03.2026<\/td><td class=\"column-2\">10:00-12:00<\/td><td class=\"column-3\">Kursbetrieb<\/td><td class=\"column-4\"><\/td><td class=\"column-5\">Sittendorf<\/td><td class=\"column-6\"><\/td>\n<\/tr>\n<tr class=\"row-3\">\n\t<td class=\"column-1\">11.04.2026<\/td><td class=\"column-2\"><\/td><td class=\"column-3\">kein Training!<\/td><td class=\"column-4\"><\/td><td class=\"column-5\">Sittendorf<\/td><td class=\"column-6\"><\/td>\n<\/tr>\n<tr class=\"row-4\">\n\t<td class=\"column-1\">19.04.2026<\/td><td class=\"column-2\">11:00-16:00<\/td><td class=\"column-3\">Osterlauf<\/td><td class=\"column-4\"><\/td><td class=\"column-5\">\u00d6GV Perchtoldsdorf<br \/>\nHerzogbergstra\u00dfe 305<br \/>\n2380 Perchtoldsdorf<\/td><td class=\"column-6\">Anmeldung bei Maike Tell bis<\/td>\n<\/tr>\n<tr class=\"row-5\">\n\t<td class=\"column-1\">25.04.2026<\/td><td class=\"column-2\">10:00<\/td><td class=\"column-3\">schriftliche Theoriepr\u00fcfung<\/td><td class=\"column-4\"><\/td><td class=\"column-5\">Sittendorf<\/td><td class=\"column-6\"><\/td>\n<\/tr>\n<tr class=\"row-6\">\n\t<td class=\"column-1\">06.06.2026<\/td><td class=\"column-2\"><\/td><td class=\"column-3\">Pr\u00fcfungsvorbereitung<\/td><td class=\"column-4\"><\/td><td class=\"column-5\">Sittendorf<\/td><td class=\"column-6\"><\/td>\n<\/tr>\n<tr class=\"row-7\">\n\t<td class=\"column-1\">13.06.2026<\/td><td class=\"column-2\"><\/td><td class=\"column-3\">Pr\u00fcfungsvorbereitung<\/td><td class=\"column-4\"><\/td><td class=\"column-5\">Sittendorf<\/td><td class=\"column-6\"><\/td>\n<\/tr>\n<tr class=\"row-8\">\n\t<td class=\"column-1\">20.06.2026<\/td><td class=\"column-2\"><\/td><td class=\"column-3\">kein Training!<\/td><td class=\"column-4\"><\/td><td class=\"column-5\">Sittendorf<\/td><td class=\"column-6\"><\/td>\n<\/tr>\n<tr class=\"row-9\">\n\t<td class=\"column-1\">27.06.2026<\/td><td class=\"column-2\"><\/td><td class=\"column-3\">Pr\u00fcfungsvorbereitung<\/td><td class=\"column-4\"><\/td><td class=\"column-5\">Sittendorf<\/td><td class=\"column-6\"><\/td>\n<\/tr>\n<tr class=\"row-10\">\n\t<td class=\"column-1\">03.07.2026<\/td><td class=\"column-2\">18:00<\/td><td class=\"column-3\">Staatliche Pr\u00fcfung Messerli-Forschungsinstitut<\/td><td class=\"column-4\"><\/td><td class=\"column-5\">Sittendorf<\/td><td class=\"column-6\"><\/td>\n<\/tr>\n<tr class=\"row-11\">\n\t<td class=\"column-1\">Juli und August 2026<\/td><td class=\"column-2\"><\/td><td class=\"column-3\">SOMMERPAUSE<\/td><td class=\"column-4\"><\/td><td class=\"column-5\">Sittendorf<\/td><td class=\"column-6\"><\/td>\n<\/tr>\n<tr class=\"row-12\">\n\t<td class=\"column-1\">05.09.2026<\/td><td class=\"column-2\"><\/td><td class=\"column-3\">Herbstkursstart<\/td><td class=\"column-4\"><\/td><td class=\"column-5\">Sittendorf<\/td><td class=\"column-6\"><\/td>\n<\/tr>\n<tr class=\"row-13\">\n\t<td class=\"column-1\">06.11.2026<\/td><td class=\"column-2\">18:00<\/td><td class=\"column-3\">Staatliche Pr\u00fcfung Messerli-Forschungsinstitut<\/td><td class=\"column-4\"><\/td><td class=\"column-5\">Sittendorf<\/td><td class=\"column-6\"><\/td>\n<\/tr>\n<\/tbody>\n<\/table>\n<!-- #tablepress-1 from cache --><\/p>\n<p class=\"paragraph_style_3\" style=\"text-align: center;\"><strong><span class=\"style_1\">JEDEN SAMSTAG 10:00-12:00 TRAINING<\/span><\/strong><\/p>\n<p class=\"paragraph_style_3\" style=\"text-align: center;\"><strong>Anmeldung bei Maike Tell<\/strong><\/p>\n<\/div>\n<\/div>\n<div class=\"text-content graphic_textbox_layout_style_default_External_727_1380\">\n<div class=\"graphic_textbox_layout_style_default\">\n<p class=\"paragraph_style_11\" style=\"text-align: center;\">KURSORT: \u00d6GV Wienerwald Hundeschule &#8211; Gaadenerstr. 187, 2393 Sittendorf<\/p>\n<p class=\"paragraph_style_14\" style=\"text-align: center;\">Alle Vortr\u00e4ge von AFH werden vom Messerli-Forschungsinstitut als Weiterbildung anerkannt!<span class=\"style_6\"><br \/>\n<\/span><\/p>\n<p class=\"paragraph_style_16\" style=\"text-align: center;\">\u00a0<span class=\"style_7\"><br \/>\n<\/span><\/p>\n<p class=\"paragraph_style_17\">\n<\/div>\n<\/div>\n<\/div>\n<div class=\"spacer\"><\/div>\n<\/div>\n<div id=\"footer_layer\">\n<div class=\"bumper\"><\/div>\n<\/div>\n","protected":false},"excerpt":{"rendered":"<p>&nbsp; Aktuelle Kurse NEU: Vorbereitende \u00dcbungen f\u00fcr Welpen und Junghunde f\u00fcr die Therapiebegleithundearbeit (10er-Block) JEDEN SAMSTAG 10:00-12:00 TRAINING Anmeldung bei Maike Tell KURSORT: \u00d6GV Wienerwald Hundeschule &#8211; Gaadenerstr. 187, 2393 Sittendorf Alle Vortr\u00e4ge von AFH werden vom Messerli-Forschungsinstitut als Weiterbildung anerkannt! \u00a0<\/p>\n","protected":false},"author":1,"featured_media":630,"parent":0,"menu_order":0,"comment_status":"closed","ping_status":"closed","template":"","meta":{"footnotes":""},"class_list":["post-98","page","type-page","status-publish","has-post-thumbnail","hentry"],"_links":{"self":[{"href":"https:\/\/animalsforhealth.at\/index.php?rest_route=\/wp\/v2\/pages\/98","targetHints":{"allow":["GET"]}}],"collection":[{"href":"https:\/\/animalsforhealth.at\/index.php?rest_route=\/wp\/v2\/pages"}],"about":[{"href":"https:\/\/animalsforhealth.at\/index.php?rest_route=\/wp\/v2\/types\/page"}],"author":[{"embeddable":true,"href":"https:\/\/animalsforhealth.at\/index.php?rest_route=\/wp\/v2\/users\/1"}],"replies":[{"embeddable":true,"href":"https:\/\/animalsforhealth.at\/index.php?rest_route=%2Fwp%2Fv2%2Fcomments&post=98"}],"version-history":[{"count":25,"href":"https:\/\/animalsforhealth.at\/index.php?rest_route=\/wp\/v2\/pages\/98\/revisions"}],"predecessor-version":[{"id":823,"href":"https:\/\/animalsforhealth.at\/index.php?rest_route=\/wp\/v2\/pages\/98\/revisions\/823"}],"wp:featuredmedia":[{"embeddable":true,"href":"https:\/\/animalsforhealth.at\/index.php?rest_route=\/wp\/v2\/media\/630"}],"wp:attachment":[{"href":"https:\/\/animalsforhealth.at\/index.php?rest_route=%2Fwp%2Fv2%2Fmedia&parent=98"}],"curies":[{"name":"wp","href":"https:\/\/api.w.org\/{rel}","templated":true}]}}